{"id":659,"date":"2021-02-22T09:50:26","date_gmt":"2021-02-22T09:50:26","guid":{"rendered":"https:\/\/demo.ciben.biz\/shop\/?post_type=product&#038;p=659"},"modified":"2023-02-10T15:04:35","modified_gmt":"2023-02-10T15:04:35","slug":"t-shirt-cores","status":"publish","type":"product","link":"https:\/\/demo.ciben.biz\/shop\/loja\/t-shirt-cores\/","title":{"rendered":"T-Shirt cores"},"content":{"rendered":"<p>Pellentesque habitant morbi tristique senectus et netus et malesuada fames ac turpis egestas. Vestibulum tortor quam, feugiat vitae, ultricies eget, tempor sit amet, ante. Donec eu libero sit amet quam egestas semper. Aenean ultricies mi vitae est. Mauris placerat eleifend leo.<\/p>\n","protected":false},"excerpt":{"rendered":"<ul>\n<li>Exemplo de produto com varia\u00e7\u00f5es que n\u00e3o influenciam o pre\u00e7o.<\/li>\n<\/ul>\n","protected":false},"featured_media":186,"comment_status":"open","ping_status":"closed","template":"","meta":{"_kad_post_transparent":"default","_kad_post_title":"","_kad_post_layout":"default","_kad_post_sidebar_id":"","_kad_post_content_style":"default","_kad_post_vertical_padding":"default","_kad_post_feature":"","_kad_post_feature_position":"","_kad_post_header":false,"_kad_post_footer":false},"product_cat":[18],"product_tag":[],"_links":{"self":[{"href":"https:\/\/demo.ciben.biz\/shop\/wp-json\/wp\/v2\/product\/659"}],"collection":[{"href":"https:\/\/demo.ciben.biz\/shop\/wp-json\/wp\/v2\/product"}],"about":[{"href":"https:\/\/demo.ciben.biz\/shop\/wp-json\/wp\/v2\/types\/product"}],"replies":[{"embeddable":true,"href":"https:\/\/demo.ciben.biz\/shop\/wp-json\/wp\/v2\/comments?post=659"}],"wp:featuredmedia":[{"embeddable":true,"href":"https:\/\/demo.ciben.biz\/shop\/wp-json\/wp\/v2\/media\/186"}],"wp:attachment":[{"href":"https:\/\/demo.ciben.biz\/shop\/wp-json\/wp\/v2\/media?parent=659"}],"wp:term":[{"taxonomy":"product_cat","embeddable":true,"href":"https:\/\/demo.ciben.biz\/shop\/wp-json\/wp\/v2\/product_cat?post=659"},{"taxonomy":"product_tag","embeddable":true,"href":"https:\/\/demo.ciben.biz\/shop\/wp-json\/wp\/v2\/product_tag?post=659"}],"curies":[{"name":"wp","href":"https:\/\/api.w.org\/{rel}","templated":true}]}}